{"id":10024,"date":"2020-07-10T13:49:03","date_gmt":"2020-07-10T11:49:03","guid":{"rendered":"https:\/\/biblioteka.kolobrzeg.pl\/index.php\/2020\/07\/10\/instrukcja-obslugi-bip\/"},"modified":"2020-07-10T13:54:23","modified_gmt":"2020-07-10T11:54:23","slug":"instrukcja-obslugi-bip","status":"publish","type":"page","link":"https:\/\/biblioteka.kolobrzeg.pl\/index.php\/instrukcja-obslugi-bip\/","title":{"rendered":"Instrukcja obs\u0142ugi BIP"},"content":{"rendered":"<p>W naszym Biuletynie Informacji Publicznej (BIP) publikujemy informacje dotycz\u0105ce<br \/>\nprowadzonej przez nasz\u0105 organizacj\u0119 dzia\u0142alno\u015bci po\u017cytku publicznego,<br \/>\nw tym tej finansowanej ze \u015brodk\u00f3w publicznych.<\/p>\n<p>Aby odnale\u017a\u0107 poszukiwane informacje, przejd\u017a na stron\u0119 g\u0142\u00f3wn\u0105 naszego BIP i:<\/p>\n<ol>\n<li>skorzystaj z wyszukiwarki, wpisuj\u0105c odpowiedni\u0105 fraz\u0119 w pole u g\u00f3ry strony, lub\n<li>skorzystaj z odno\u015bnik\u00f3w znajduj\u0105cych si\u0119 na stronie.\n<\/ol>\n<p>Je\u015bli nie znajdziesz poszukiwanej informacji w BIP, skontaktuj si\u0119 z nami,<br \/>\nkorzystaj\u0105c z adresu mailowego lub numeru telefonu podanego na stronie.<\/p>\n","protected":false},"excerpt":{"rendered":"<p>W naszym Biuletynie Informacji Publicznej (BIP) publikujemy informacje dotycz\u0105ce prowadzonej przez nasz\u0105 organizacj\u0119 dzia\u0142alno\u015bci po\u017cytku publicznego, w tym tej finansowanej ze \u015brodk\u00f3w publicznych. Aby odnale\u017a\u0107 poszukiwane informacje, przejd\u017a na stron\u0119 g\u0142\u00f3wn\u0105 naszego BIP i: skorzystaj z wyszukiwarki, wpisuj\u0105c odpowiedni\u0105 fraz\u0119 w pole u g\u00f3ry strony, lub skorzystaj z odno\u015bnik\u00f3w znajduj\u0105cych si\u0119 na stronie. Je\u015bli nie &hellip; <\/p>\n<p><a class=\"more-link block-button\" href=\"https:\/\/biblioteka.kolobrzeg.pl\/index.php\/instrukcja-obslugi-bip\/\">Kontynuuj czytanie &raquo;<\/a><\/p>\n","protected":false},"author":1,"featured_media":0,"parent":0,"menu_order":0,"comment_status":"closed","ping_status":"closed","template":"","meta":{"footnotes":""},"class_list":["post-10024","page","type-page","status-publish","hentry","nodate"],"jetpack_likes_enabled":true,"jetpack_sharing_enabled":true,"_links":{"self":[{"href":"https:\/\/biblioteka.kolobrzeg.pl\/index.php\/wp-json\/wp\/v2\/pages\/10024","targetHints":{"allow":["GET"]}}],"collection":[{"href":"https:\/\/biblioteka.kolobrzeg.pl\/index.php\/wp-json\/wp\/v2\/pages"}],"about":[{"href":"https:\/\/biblioteka.kolobrzeg.pl\/index.php\/wp-json\/wp\/v2\/types\/page"}],"author":[{"embeddable":true,"href":"https:\/\/biblioteka.kolobrzeg.pl\/index.php\/wp-json\/wp\/v2\/users\/1"}],"replies":[{"embeddable":true,"href":"https:\/\/biblioteka.kolobrzeg.pl\/index.php\/wp-json\/wp\/v2\/comments?post=10024"}],"version-history":[{"count":0,"href":"https:\/\/biblioteka.kolobrzeg.pl\/index.php\/wp-json\/wp\/v2\/pages\/10024\/revisions"}],"wp:attachment":[{"href":"https:\/\/biblioteka.kolobrzeg.pl\/index.php\/wp-json\/wp\/v2\/media?parent=10024"}],"curies":[{"name":"wp","href":"https:\/\/api.w.org\/{rel}","templated":true}]}}