{"id":10492,"date":"2020-09-21T14:35:00","date_gmt":"2020-09-21T12:35:00","guid":{"rendered":"https:\/\/biblioteka.kolobrzeg.pl\/?page_id=10492"},"modified":"2026-03-19T16:19:53","modified_gmt":"2026-03-19T15:19:53","slug":"deklaracja-dostepnosci","status":"publish","type":"page","link":"https:\/\/biblioteka.kolobrzeg.pl\/index.php\/deklaracja-dostepnosci\/","title":{"rendered":"Deklaracja dost\u0119pno\u015bci"},"content":{"rendered":"<p>Miejska Biblioteka Publiczna w Ko\u0142obrzegu zobowi\u0105zuje si\u0119 zapewni\u0107 dost\u0119pno\u015b\u0107 swojej strony internetowej zgodnie z przepisami ustawy z dnia 4 kwietnia 2019 r. o dost\u0119pno\u015bci cyfrowej stron internetowych i aplikacji mobilnych podmiot\u00f3w publicznych. O\u015bwiadczenie w sprawie dost\u0119pno\u015bci ma zastosowanie do strony internetowej Miejskiej Biblioteki Publicznej w Ko\u0142obrzegu.<\/p>\n<p>Data publikacji strony internetowej: 2016-01-01.<br \/>\nData ostatniej istotnej aktualizacji: 2026-03-19.<\/p>\n<p><strong>Status pod wzgl\u0119dem zgodno\u015bci z ustaw\u0105<\/strong><br \/>\nStrona internetowa jest cz\u0119\u015bciowo zgodna z ustaw\u0105 z dnia 4 kwietnia 2019 r. o dost\u0119pno\u015bci cyfrowej stron internetowych i aplikacji mobilnych podmiot\u00f3w publicznych.<\/p>\n<p><strong>Aplikacje mobilne<\/strong><\/p>\n<p><a href=\"https:\/\/play.google.com\/store\/apps\/details?id=pl.com.sokrates.sowamobi&amp;hl=pl&amp;gl=US\">Sowa MOBI<\/a> &#8211; umo\u017cliwia czytelnikom bibliotek korzystanie z katalogu oraz ze swojego konta czytelnika biblioteki za pomoc\u0105 mobilnego urz\u0105dzenia (smartfon, tablet). Aplikacj\u0119 mo\u017cna pobra\u0107 ze sklepu internetowego Google Play (dla systemu Android) oraz z App Store (dla systemu iOS).<\/p>\n<p><strong>Wy\u0142\u0105czenia<\/strong><br \/>\nMog\u0105 zdarzy\u0107 si\u0119 sytuacje, \u017ce pomimo stara\u0144 redaktor\u00f3w serwisu, pewne dokumenty opublikowane na stronie s\u0105 niedost\u0119pne z uwagi na fakt, \u017ce:<\/p>\n<ul>\n<li>pochodz\u0105 z r\u00f3\u017cnych \u017ar\u00f3de\u0142,<\/li>\n<li>strona BIP zarz\u0105dzana jest przez podmiot zewn\u0119trzny. Biblioteka nie ma wp\u0142ywu na to czy i kiedy strona zostanie dostosowana do obowi\u0105zuj\u0105cych standard\u00f3w dost\u0119pno\u015bci.<\/li>\n<li>opublikowane zosta\u0142y przed wej\u015bciem w \u017cycie ustawy o dost\u0119pno\u015bci cyfrowej.<\/li>\n<\/ul>\n<p>Data sporz\u0105dzenia Deklaracji i metoda oceny dost\u0119pno\u015bci cyfrowej<br \/>\nO\u015bwiadczenie sporz\u0105dzono dnia: 21.09.2020 r.<\/p>\n<p>Deklaracj\u0119 sporz\u0105dzono na podstawie samooceny przeprowadzonej przez podmiot publiczny.<\/p>\n<p><strong>Informacje zwrotne i dane kontaktowe<\/strong><br \/>\nW przypadku problem\u00f3w z dost\u0119pno\u015bci\u0105 strony internetowej prosimy o kontakt. Osob\u0105 kontaktow\u0105 jest INSPEKTOR OCHRONY DANYCH OSOBOWYCH, e-mail: iod@biblioteka.kolobrzeg.pl. Kontaktowa\u0107 mo\u017cna si\u0119 tak\u017ce dzwoni\u0105c na numer telefonu tel.: (94) 35 256 28. T\u0105 sam\u0105 drog\u0105 mo\u017cna sk\u0142ada\u0107 wnioski o udost\u0119pnienie informacji niedost\u0119pnej oraz sk\u0142ada\u0107 \u017c\u0105dania zapewnienia dost\u0119pno\u015bci.<\/p>\n<p><strong>Informacje na temat procedury odwo\u0142awczej<\/strong><br \/>\nKa\u017cdy ma prawo do wyst\u0105pienia z \u017c\u0105daniem zapewnienia dost\u0119pno\u015bci cyfrowej strony internetowej, aplikacji mobilnej lub jakiego\u015b ich elementu. Mo\u017cna tak\u017ce za\u017c\u0105da\u0107 udost\u0119pnienia informacji za pomoc\u0105 alternatywnego sposobu dost\u0119pu, na przyk\u0142ad przez odczytanie niedost\u0119pnego cyfrowo dokumentu, opisanie zawarto\u015bci filmu bez audiodeskrypcji itp. \u017b\u0105danie powinno zawiera\u0107 dane osoby zg\u0142aszaj\u0105cej \u017c\u0105danie, wskazanie, o kt\u00f3r\u0105 stron\u0119 internetow\u0105 lub aplikacj\u0119 mobiln\u0105 chodzi oraz spos\u00f3b kontaktu. Je\u017celi osoba \u017c\u0105daj\u0105ca zg\u0142asza potrzeb\u0119 otrzymania informacji za pomoc\u0105 alternatywnego sposobu dost\u0119pu, powinna tak\u017ce okre\u015bli\u0107 dogodny dla niej spos\u00f3b przedstawienia tej informacji. Podmiot publiczny powinien zrealizowa\u0107 \u017c\u0105danie niezw\u0142ocznie, nie p\u00f3\u017aniej ni\u017c w ci\u0105gu 7 dni od dnia wyst\u0105pienia z \u017c\u0105daniem. Je\u017celi dotrzymanie tego terminu nie jest mo\u017cliwe, podmiot publiczny niezw\u0142ocznie informuje o tym wnosz\u0105cego \u017c\u0105danie, kiedy realizacja \u017c\u0105dania b\u0119dzie mo\u017cliwa, przy czym termin ten nie mo\u017ce by\u0107 d\u0142u\u017cszy ni\u017c 2 miesi\u0105ce od dnia wyst\u0105pienia z \u017c\u0105daniem. Je\u017celi zapewnienie dost\u0119pno\u015bci cyfrowej nie jest mo\u017cliwe, podmiot publiczny mo\u017ce zaproponowa\u0107 alternatywny spos\u00f3b dost\u0119pu do informacji. W przypadku, gdy podmiot publiczny odm\u00f3wi realizacji \u017c\u0105dania zapewnienia dost\u0119pno\u015bci lub alternatywnego sposobu dost\u0119pu do informacji, wnosz\u0105cy \u017c\u0105danie mo\u017cne z\u0142o\u017cy\u0107 skarg\u0119 w sprawie zapewniana dost\u0119pno\u015bci cyfrowej strony internetowej, aplikacji mobilnej lub elementu strony internetowej, lub aplikacji mobilnej. Po wyczerpaniu wskazanej wy\u017cej procedury mo\u017cna tak\u017ce z\u0142o\u017cy\u0107 wniosek do Rzecznika Praw Obywatelskich.<\/p>\n<p><strong>Dost\u0119pno\u015b\u0107 architektoniczna<\/strong><\/p>\n<ul>\n<li>toaleta dla niepe\u0142nosprawnych (Parter)<\/li>\n<li>mo\u017cliwo\u015b\u0107 wej\u015bcia do budynku z psem asystuj\u0105cym i psem przewodnikiem<\/li>\n<li>wej\u015bcie do budynku od strony rzeki wyposa\u017cone jest w krzes\u0142o transportowe dla os\u00f3b niepe\u0142nosprawnych,<\/li>\n<li>zej\u015bcie do sali ze scen\u0105 na poziomie -1 wyposa\u017cone jest w krzes\u0142o transportowe,<\/li>\n<li>Czytelnia oraz Sala wystawiennicza zlokalizowane s\u0105 na I pi\u0119trze, dost\u0119p do nich dla os\u00f3b na w\u00f3zkach jest ograniczony, brak podjazd\u00f3w, platformy przyschodowej, brak windy osobowej,<\/li>\n<li>brak linii naprowadzaj\u0105cych i tabliczek informacyjnych w alfabecie Brajla dla os\u00f3b niewidomych i niedowidz\u0105cych,<\/li>\n<li>dost\u0119p do pomieszcze\u0144 na parterze jest utrudniony z powodu istniej\u0105cych wewn\u0119trznych kilkustopniowych schod\u00f3w.<\/li>\n<li>toaleta dla niepe\u0142nosprawnych (Biblioteka Dzieci\u0119ca ul Brzozowa 9a)<\/li>\n<\/ul>\n","protected":false},"excerpt":{"rendered":"<p>Miejska Biblioteka Publiczna w Ko\u0142obrzegu zobowi\u0105zuje si\u0119 zapewni\u0107 dost\u0119pno\u015b\u0107 swojej strony internetowej zgodnie z przepisami ustawy z dnia 4 kwietnia 2019 r. o dost\u0119pno\u015bci cyfrowej stron internetowych i aplikacji mobilnych podmiot\u00f3w publicznych. O\u015bwiadczenie w sprawie dost\u0119pno\u015bci ma zastosowanie do strony internetowej Miejskiej Biblioteki Publicznej w Ko\u0142obrzegu. Data publikacji strony internetowej: 2016-01-01. Data ostatniej istotnej aktualizacji: &hellip; <\/p>\n<p><a class=\"more-link block-button\" href=\"https:\/\/biblioteka.kolobrzeg.pl\/index.php\/deklaracja-dostepnosci\/\">Kontynuuj czytanie &raquo;<\/a><\/p>\n","protected":false},"author":1,"featured_media":0,"parent":0,"menu_order":0,"comment_status":"closed","ping_status":"closed","template":"","meta":{"jetpack_post_was_ever_published":false,"footnotes":""},"class_list":["post-10492","page","type-page","status-publish","hentry","nodate"],"jetpack_likes_enabled":true,"jetpack_sharing_enabled":true,"_links":{"self":[{"href":"https:\/\/biblioteka.kolobrzeg.pl\/index.php\/wp-json\/wp\/v2\/pages\/10492","targetHints":{"allow":["GET"]}}],"collection":[{"href":"https:\/\/biblioteka.kolobrzeg.pl\/index.php\/wp-json\/wp\/v2\/pages"}],"about":[{"href":"https:\/\/biblioteka.kolobrzeg.pl\/index.php\/wp-json\/wp\/v2\/types\/page"}],"author":[{"embeddable":true,"href":"https:\/\/biblioteka.kolobrzeg.pl\/index.php\/wp-json\/wp\/v2\/users\/1"}],"replies":[{"embeddable":true,"href":"https:\/\/biblioteka.kolobrzeg.pl\/index.php\/wp-json\/wp\/v2\/comments?post=10492"}],"version-history":[{"count":2,"href":"https:\/\/biblioteka.kolobrzeg.pl\/index.php\/wp-json\/wp\/v2\/pages\/10492\/revisions"}],"predecessor-version":[{"id":34410,"href":"https:\/\/biblioteka.kolobrzeg.pl\/index.php\/wp-json\/wp\/v2\/pages\/10492\/revisions\/34410"}],"wp:attachment":[{"href":"https:\/\/biblioteka.kolobrzeg.pl\/index.php\/wp-json\/wp\/v2\/media?parent=10492"}],"curies":[{"name":"wp","href":"https:\/\/api.w.org\/{rel}","templated":true}]}}