{"id":1488,"date":"2017-01-04T18:14:49","date_gmt":"2017-01-04T17:14:49","guid":{"rendered":"http:\/\/biblioteka.kolobrzeg.pl\/?page_id=1488"},"modified":"2017-03-10T15:41:25","modified_gmt":"2017-03-10T14:41:25","slug":"kolo-nr-4","status":"publish","type":"page","link":"https:\/\/biblioteka.kolobrzeg.pl\/index.php\/kolo-nr-4\/","title":{"rendered":"Ko\u0142o nr 4"},"content":{"rendered":"<p><strong>Stowarzyszenie Bibliotekarzy Polskich. Ko\u0142o nr 4 w Ko\u0142obrzegu<\/strong><\/p>\n<p>Decyzj\u0119 o powo\u0142aniu Stowarzyszenia Bibliotekarzy Polskich podj\u0119to we wrze\u015bniu 1954 r.<br \/>\nw bibliotece wojew\u00f3dzkiej w Koszalinie, z siedzib\u0105 w Bia\u0142ogardzie. Pierwszym przewodnicz\u0105cym Zarz\u0105du Okr\u0119gu zosta\u0142 Jan Frankowski. Miesi\u0105c p\u00f3\u017aniej, 15\u201316 pa\u017adziernika, wraz z Aleksandrem Majorkiem reprezentowa\u0142 wojew\u00f3dztwo koszali\u0144skie podczas Zjazdu Krajowego SBP w Warszawie .<br \/>\nW wyniku powy\u017cszej decyzji, przy Powiatowej i Miejskiej Bibliotece Publicznej w Ko\u0142obrzegu dzia\u0142alno\u015b\u0107 rozpocz\u0105\u0142 Powiatowy Oddzia\u0142 SBP. Od tej chwili by\u0142 (i jest do dzisiaj) wiernym towarzyszem biblioteki w dobrych i z\u0142ych chwilach jej aktywno\u015bci.<\/p>\n<p>Organizacja zrzesza pracownik\u00f3w r\u00f3\u017cnych typ\u00f3w bibliotek z terenu miasta i powiatu. Na sk\u0142ad osobowy organizacji wp\u0142ywa\u0142a p\u0142ynno\u015b\u0107 zatrudnienia w poszczeg\u00f3lnych bibliotekach.<\/p>\n<p>W wyniku apelu Stowarzyszenia 8 kwietnia 1972 r. ods\u0142oni\u0119to na ko\u0142obrzeskim cmentarzu p\u0142yt\u0119 nagrobkow\u0105 Jana Frankowskiego. \u0141\u0105cznie zebrano 3 210 z\u0142. Fundatorami nagrobka byli: Prezydium Miejskiej Rady Narodowej w Ko\u0142obrzegu i Zarz\u0105d Okr\u0119gu Stowarzyszenia Bibliotekarzy Polskich w Koszalinie. Inicjatorami \u2013 Zarz\u0105d Okr\u0119gu SBP w Koszalinie oraz PiMBP w Ko\u0142obrzegu .<\/p>\n<p>W wyniku likwidacji powiat\u00f3w w 1975 r. Wydzia\u0142 Spraw Wewn\u0119trznych Urz\u0119du Wojew\u00f3dzkiego rozwi\u0105za\u0142 i wykre\u015bli\u0142 z ewidencji ko\u0142obrzeski oddzia\u0142 SBP. W nast\u0119pstwie tej decyzji Zarz\u0105d Okr\u0119gu SBP w Koszalinie 14 listopada 1975 r. podj\u0105\u0142 uchwa\u0142\u0119 o tworzeniu K\u00f3\u0142 SBP w miejsce zlikwidowanych Oddzia\u0142\u00f3w. Od tej chwili w Ko\u0142obrzegu dzia\u0142alno\u015b\u0107 Oddzia\u0142u kontynuuje Ko\u0142o .<\/p>\n<p>Stowarzyszenie wspiera wszelkie dzia\u0142ania biblioteki organizacyjnie i finansowo. Partycypuje w kosztach organizacyjnych, funduje nagrody i upominki.<\/p>\n<p>Wsp\u00f3\u0142praca biblioteki ze Stowarzyszeniem Bibliotekarzy Polskich trwa niezmiennie od 1954 r.<br \/>\nZa ca\u0142okszta\u0142t dzia\u0142alno\u015bci na rzecz rozwoju bibliotekarstwa i upowszechniania ksi\u0105\u017cki oraz za zas\u0142ugi dla Stowarzyszenia Bibliotekarzy Polskich w 2006 r. Miejska Biblioteka Publiczna zosta\u0142a uhonorowana przez Stowarzyszenie Bibliotekarzy Polskich medalem \u201eW Dow\u00f3d Uznania\u201d,<br \/>\na w 2016 &#8211; jako trzecia ksi\u0105\u017cnica w wojew\u00f3dztwie zachodniopomorskim &#8211; odznaczona Medalem &#8222;Bibliotheca Magna \u2013 Perennisque\u201d.<\/p>\n<p><a href=\"http:\/\/www.sbp.pl\/\">http:\/\/www.sbp.pl\/<\/a><\/p>\n","protected":false},"excerpt":{"rendered":"<p>Stowarzyszenie Bibliotekarzy Polskich. Ko\u0142o nr 4 w Ko\u0142obrzegu Decyzj\u0119 o powo\u0142aniu Stowarzyszenia Bibliotekarzy Polskich podj\u0119to we wrze\u015bniu 1954 r. w bibliotece wojew\u00f3dzkiej w Koszalinie, z siedzib\u0105 w Bia\u0142ogardzie. Pierwszym przewodnicz\u0105cym Zarz\u0105du Okr\u0119gu zosta\u0142 Jan Frankowski. Miesi\u0105c p\u00f3\u017aniej, 15\u201316 pa\u017adziernika, wraz z Aleksandrem Majorkiem reprezentowa\u0142 wojew\u00f3dztwo koszali\u0144skie podczas Zjazdu Krajowego SBP w Warszawie . W wyniku &hellip; <\/p>\n<p><a class=\"more-link block-button\" href=\"https:\/\/biblioteka.kolobrzeg.pl\/index.php\/kolo-nr-4\/\">Kontynuuj czytanie &raquo;<\/a><\/p>\n","protected":false},"author":1,"featured_media":0,"parent":0,"menu_order":0,"comment_status":"closed","ping_status":"closed","template":"","meta":{"footnotes":""},"class_list":["post-1488","page","type-page","status-publish","hentry","nodate"],"jetpack_likes_enabled":true,"jetpack_sharing_enabled":true,"_links":{"self":[{"href":"https:\/\/biblioteka.kolobrzeg.pl\/index.php\/wp-json\/wp\/v2\/pages\/1488","targetHints":{"allow":["GET"]}}],"collection":[{"href":"https:\/\/biblioteka.kolobrzeg.pl\/index.php\/wp-json\/wp\/v2\/pages"}],"about":[{"href":"https:\/\/biblioteka.kolobrzeg.pl\/index.php\/wp-json\/wp\/v2\/types\/page"}],"author":[{"embeddable":true,"href":"https:\/\/biblioteka.kolobrzeg.pl\/index.php\/wp-json\/wp\/v2\/users\/1"}],"replies":[{"embeddable":true,"href":"https:\/\/biblioteka.kolobrzeg.pl\/index.php\/wp-json\/wp\/v2\/comments?post=1488"}],"version-history":[{"count":0,"href":"https:\/\/biblioteka.kolobrzeg.pl\/index.php\/wp-json\/wp\/v2\/pages\/1488\/revisions"}],"wp:attachment":[{"href":"https:\/\/biblioteka.kolobrzeg.pl\/index.php\/wp-json\/wp\/v2\/media?parent=1488"}],"curies":[{"name":"wp","href":"https:\/\/api.w.org\/{rel}","templated":true}]}}