{"id":1494,"date":"2017-01-04T18:21:42","date_gmt":"2017-01-04T17:21:42","guid":{"rendered":"http:\/\/biblioteka.kolobrzeg.pl\/?page_id=1494"},"modified":"2020-07-27T09:01:15","modified_gmt":"2020-07-27T07:01:15","slug":"literatura-regionalna","status":"publish","type":"page","link":"https:\/\/biblioteka.kolobrzeg.pl\/index.php\/literatura-regionalna\/","title":{"rendered":"Literatura regionalna"},"content":{"rendered":"<table>\n<tbody>\n<tr>\n<td width=\"604\"><span style=\"color: #008000;\"><a href=\"https:\/\/biblioteka.kolobrzeg.pl\/wp-content\/uploads\/2020\/07\/litregio270720.jpg\" data-rel=\"lightbox-image-0\" data-rl_title=\"\" data-rl_caption=\"\" title=\"\"><img loading=\"lazy\" decoding=\"async\" class=\"alignleft wp-image-10113 size-thumbnail\" src=\"https:\/\/biblioteka.kolobrzeg.pl\/wp-content\/uploads\/2020\/07\/litregio270720-150x150.jpg\" alt=\"Literatura regionalna\" width=\"150\" height=\"150\" \/><\/a>Tytu\u0142: <strong>Wielka historia ma\u0142ego ko\u015bcio\u0142a w Ko\u0142obrzegu: miejsce spoczynku Macieja von Krockowa<\/strong><\/span><br \/><span style=\"color: #008000;\">Autor: <strong>Robert Dziemba, ks. Piotr Zieli\u0144ski<\/strong><\/span><br \/><span style=\"color: #008000;\"> Wydawnictwo: <strong>Ko\u0142obrzeg: Wydawnictwo Kamera<\/strong>, 2020<\/span><\/td>\n<\/tr>\n<tr>\n<td width=\"604\">\n<p>\u201eZg\u0142\u0119bianie historii Ko\u0142obrzegu, jego mieszka\u0144c\u00f3w, ale tak\u017ce historii ko\u015bcio\u0142\u00f3w i sztuki sakralnej, dowodzi, na jak wiele jeszcze tajemnic mo\u017cna natrafi\u0107. Tak by\u0142o z dziejami ma\u0142ego ko\u015bcio\u0142a nad Pars\u0119t\u0105, a w szczeg\u00f3lno\u015bci Macieja von Krockowa, rezydenta kr\u00f3la polskiego W\u0142adys\u0142awa IV, pomorskiego dyplomaty na dworze ostatniego ksi\u0119cia z rodu Gryfit\u00f3w \u2013 Bogus\u0142awa XIV, czy wreszcie doradcy i sprzymierze\u0144ca Fryderyka Wilhelma I w pa\u0144stwie brandenbursko-pruskim. Ko\u0142obrze\u017canie, ale te\u017c tury\u015bci, fascynuj\u0105 si\u0119 architektur\u0105 Bazyliki Mariackiej, jej pot\u0119\u017cnej wie\u017cy, g\u00f3ruj\u0105cej nad miastem. W jej cieniu le\u017cy ta ma\u0142a neogotycka \u015bwi\u0105tynia, kt\u00f3rej po\u015bwi\u0119camy nasz\u0105 prac\u0119. Jak si\u0119 jednak okazuje, jej historia jest nie mniej fascynuj\u0105ca, cho\u0107 niew\u0105tpliwie kr\u00f3tsza i mo\u017ce mniej burzliwa. To, co w niej r\u00f3wnie wa\u017cne, ukrywa si\u0119 przed naszymi oczami, jest niewidoczne \u2013 to w\u0142a\u015bnie posta\u0107 Macieja von Krockowa, pochowanego tu 345 lat temu [&#8230;]<\/p>\n<p>Celem niniejszej pracy jest opisanie historii niewielkiej \u015bwi\u0105tyni nad rzek\u0105 w Ko\u0142obrzegu, a tak\u017ce os\u00f3b i instytucji z ni\u0105 zwi\u0105zanych. Dzieje ko\u015bcio\u0142a wi\u0105\u017c\u0105 si\u0119 \u015bci\u015ble z klasztorem staromiejskim, kt\u00f3ry dwukrotnie by\u0142 przenoszony do Ko\u0142obrzegu, najpierw w XV, a potem w XVI wieku. Om\u00f3wione zostan\u0105 dzieje \u015bwi\u0105tyni jak i ko\u015bcio\u0142a garnizonowego do 1945 roku wraz z fundacj\u0105 przyjmuj\u0105c\u0105 niezam\u0119\u017cne kobiety z rodzin szlacheckich i bogatych rod\u00f3w patrycjuszowskich. Osobno opracowane zostan\u0105 dzieje powojenne ko\u015bcio\u0142a, istniej\u0105cej tu parafii pw. \u015bw. Marcina i zwi\u0105zanego z nimi klasztoru Ojc\u00f3w Franciszkan\u00f3w, kt\u00f3rych w 1972 roku, po utworzeniu Diecezji Koszali\u0144sko-Ko\u0142obrzeskiej, zast\u0105pi\u0142o duchowie\u0144stwo diecezjalne, reprezentowane w osobie nowego proboszcza, ksi\u0119dza J\u00f3zefa S\u0142omskiego. Wyodr\u0119bnienie z parafii pw. \u015bw. Marcina przy ma\u0142ym ko\u015bciele nowej parafii konkatedralnej pw. Wni\u0119bowzi\u0119cia NMP w 1980 r. i powo\u0142anie do \u017cycia Domu Ksi\u0119\u017cy Emeryt\u00f3w, stanowi kolejn\u0105 cezur\u0119 w historii tego obiektu. Ta cz\u0119\u015b\u0107 dziej\u00f3w opisana jest w nieco innym stylu \u2013 w za\u0142o\u017ceniu autor\u00f3w ma to by\u0107 niejako przewodnik po ko\u015bciele dla ko\u0142obrze\u017can i licznie przybywaj\u0105cych tutaj go\u015bci. Ostatni\u0105 cz\u0119\u015bci\u0105 pracy b\u0119dzie przybli\u017cenie postaci Macieja von Krockowa, jego podr\u00f3\u017cy, dzia\u0142alno\u015bci dyplomatycznej, a tak\u017ce najciekawszych wydarze\u0144 w jego \u017cyciu. Autorzy zwracaj\u0105 uwag\u0119 na sam pogrzeb i miejsce poch\u00f3wku. Uzupe\u0142nieniem przedmiotowego opisu b\u0119dzie t\u0142umaczenie mowy pogrzebowej, wyg\u0142oszonej 1 czerwca 1675 roku w ma\u0142ym ko\u015bciele nad rzek\u0105 [&#8230;]\u201d.<\/p>\n<\/td>\n<\/tr>\n<tr>\n<td width=\"604\"><span style=\"color: #0000ff;\">\u0179r\u00f3d\u0142o:<\/span>Od autor\u00f3w; Ok\u0142adka ksi\u0105\u017cki<br \/><span style=\"color: #800000;\">Ksi\u0105\u017cka dost\u0119pna w <strong>Czytelni Regionalnej<\/strong> oraz <strong>Wypo\u017cyczalni Popularnonaukowej<\/strong> (ul. Jana Frankowskiego 3).<\/span><\/td>\n<\/tr>\n<\/tbody>\n<\/table>\n\n\n<p><\/p>\n","protected":false},"excerpt":{"rendered":"<p>Tytu\u0142: Wielka historia ma\u0142ego ko\u015bcio\u0142a w Ko\u0142obrzegu: miejsce spoczynku Macieja von KrockowaAutor: Robert Dziemba, ks. Piotr Zieli\u0144ski Wydawnictwo: Ko\u0142obrzeg: Wydawnictwo Kamera, 2020 \u201eZg\u0142\u0119bianie historii Ko\u0142obrzegu, jego mieszka\u0144c\u00f3w, ale tak\u017ce historii ko\u015bcio\u0142\u00f3w i sztuki sakralnej, dowodzi, na jak wiele jeszcze tajemnic mo\u017cna natrafi\u0107. Tak by\u0142o z dziejami ma\u0142ego ko\u015bcio\u0142a nad Pars\u0119t\u0105, a w szczeg\u00f3lno\u015bci Macieja von &hellip; <\/p>\n<p><a class=\"more-link block-button\" href=\"https:\/\/biblioteka.kolobrzeg.pl\/index.php\/literatura-regionalna\/\">Kontynuuj czytanie &raquo;<\/a><\/p>\n","protected":false},"author":1,"featured_media":10113,"parent":0,"menu_order":0,"comment_status":"closed","ping_status":"closed","template":"","meta":{"footnotes":""},"class_list":["post-1494","page","type-page","status-publish","has-post-thumbnail","hentry","nodate"],"jetpack_likes_enabled":true,"jetpack_sharing_enabled":true,"_links":{"self":[{"href":"https:\/\/biblioteka.kolobrzeg.pl\/index.php\/wp-json\/wp\/v2\/pages\/1494","targetHints":{"allow":["GET"]}}],"collection":[{"href":"https:\/\/biblioteka.kolobrzeg.pl\/index.php\/wp-json\/wp\/v2\/pages"}],"about":[{"href":"https:\/\/biblioteka.kolobrzeg.pl\/index.php\/wp-json\/wp\/v2\/types\/page"}],"author":[{"embeddable":true,"href":"https:\/\/biblioteka.kolobrzeg.pl\/index.php\/wp-json\/wp\/v2\/users\/1"}],"replies":[{"embeddable":true,"href":"https:\/\/biblioteka.kolobrzeg.pl\/index.php\/wp-json\/wp\/v2\/comments?post=1494"}],"version-history":[{"count":0,"href":"https:\/\/biblioteka.kolobrzeg.pl\/index.php\/wp-json\/wp\/v2\/pages\/1494\/revisions"}],"wp:featuredmedia":[{"embeddable":true,"href":"https:\/\/biblioteka.kolobrzeg.pl\/index.php\/wp-json\/wp\/v2\/media\/10113"}],"wp:attachment":[{"href":"https:\/\/biblioteka.kolobrzeg.pl\/index.php\/wp-json\/wp\/v2\/media?parent=1494"}],"curies":[{"name":"wp","href":"https:\/\/api.w.org\/{rel}","templated":true}]}}