{"id":163,"date":"2016-03-01T17:39:17","date_gmt":"2016-03-01T16:39:17","guid":{"rendered":"http:\/\/biblioteka.kolobrzeg.pl\/wordpress\/?page_id=163"},"modified":"2016-03-04T19:04:51","modified_gmt":"2016-03-04T18:04:51","slug":"kolobrzeg","status":"publish","type":"page","link":"https:\/\/biblioteka.kolobrzeg.pl\/index.php\/kolobrzeg\/","title":{"rendered":"Ko\u0142obrzeg"},"content":{"rendered":"<p style=\"text-align: center;\"><strong> PLAC\u00d3WKI KULTURY<\/strong><\/p>\n<p style=\"text-align: center;\">Galeria Sztuki Wsp\u00f3\u0142czesnej<br \/>\n<a href=\"http:\/\/gsw.kolobrzeg.pl\/\"> http:\/\/gsw.kolobrzeg.pl\/<\/a><\/p>\n<p style=\"text-align: center;\">Muzeum Or\u0119\u017ca Polskiego<br \/>\n<a href=\"http:\/\/www.muzeum.kolobrzeg.pl\/\"> http:\/\/www.muzeum.kolobrzeg.pl\/<\/a><\/p>\n<p style=\"text-align: center;\">Muzeum Partia Colbergiensis<br \/>\n<a href=\"http:\/\/www.colbergiensis.eu\/\">http:\/\/www.colbergiensis.eu\/<\/a><\/p>\n<p style=\"text-align: center;\">Regionalne Centrum Kultury<br \/>\n<a href=\"http:\/\/rck.kolobrzeg.eu\/\"> http:\/\/rck.kolobrzeg.eu\/<\/a><\/p>\n<p style=\"text-align: center;\"><strong> LOKALNE MEDIA<\/strong><\/p>\n<p style=\"text-align: center;\">Gazeta Ko\u0142obrzeska<br \/>\n<a href=\"http:\/\/www.gazetakolobrzeska.pl\/\"> http:\/\/www.gazetakolobrzeska.pl\/<\/a><\/p>\n<p style=\"text-align: center;\">G\u0142os Koszali\u0144ski<br \/>\n<a href=\"http:\/\/www.gk24.pl\/\"> http:\/\/www.gk24.pl\/<\/a><\/p>\n<p style=\"text-align: center;\">Radio Ko\u0142obrzeg<br \/>\n<a href=\"http:\/\/www.radiokolobrzeg.pl\/\"> http:\/\/www.radiokolobrzeg.pl\/<\/a><\/p>\n<p style=\"text-align: center;\">Telewizja Kablowa Ko\u0142obrzeg<br \/>\n<a href=\"http:\/\/www.tkk.pl\/\"> http:\/\/www.tkk.pl\/<\/a><\/p>\n<p style=\"text-align: center;\"><strong> PORTALE INFORMACYJNE<\/strong><\/p>\n<p style=\"text-align: center;\"><a href=\"http:\/\/www.e-kg.pl\/\"> http:\/\/www.e-kg.pl<\/a><\/p>\n<p style=\"text-align: center;\"><a href=\"http:\/\/www.kolobrzeg.pl\/\"> http:\/\/www.kolobrzeg.pl<\/a><\/p>\n<p style=\"text-align: center;\"><a href=\"http:\/\/www.miastokolobrzeg.pl\/\"> http:\/\/www.miastokolobrzeg.pl<\/a><\/p>\n<p style=\"text-align: center;\"><a href=\"http:\/\/informacje.kolobrzeg.pl\/\"> http:\/\/informacje.kolobrzeg.pl\/<\/a><\/p>\n<p style=\"text-align: center;\"><a href=\"http:\/\/takze.pl\/\"> http:\/\/takze.pl\/<\/a><\/p>\n<p style=\"text-align: center;\"><a href=\"http:\/\/www.baltic.info.pl\/\"> http:\/\/www.baltic.info.pl\/<\/a><\/p>\n<p style=\"text-align: center;\"><strong> INNE<\/strong><\/p>\n<p style=\"text-align: center;\">Cmentarz Komunalny<br \/>\n<a href=\"http:\/\/www.cmentarz.kolobrzeg.pl\/\"> http:\/\/www.cmentarz.kolobrzeg.pl\/<\/a><\/p>\n<p style=\"text-align: center;\">Komunikacja Miejska<br \/>\n<a href=\"http:\/\/km.kolobrzeg.pl\/\"> http:\/\/km.kolobrzeg.pl\/<\/a><\/p>\n<p style=\"text-align: center;\">Miejski O\u015brodek Sportu i Rekreacji<br \/>\n<a href=\"http:\/\/www.sport.kolobrzeg.pl\/\"> http:\/\/www.sport.kolobrzeg.pl\/<\/a><\/p>\n<p style=\"text-align: center;\">PTTK Ko\u0142obrzeg<br \/>\n<a href=\"http:\/\/pttk.kolobrzeg.pl\/\"> http:\/\/pttk.kolobrzeg.pl\/<\/a><\/p>\n<p style=\"text-align: center;\">Schronisko dla Zwierz\u0105t<br \/>\n<a href=\"http:\/\/schroniskokolobrzeg.pl\/\"> http:\/\/schroniskokolobrzeg.pl\/<\/a><\/p>\n","protected":false},"excerpt":{"rendered":"<p>PLAC\u00d3WKI KULTURY Galeria Sztuki Wsp\u00f3\u0142czesnej http:\/\/gsw.kolobrzeg.pl\/ Muzeum Or\u0119\u017ca Polskiego http:\/\/www.muzeum.kolobrzeg.pl\/ Muzeum Partia Colbergiensis http:\/\/www.colbergiensis.eu\/ Regionalne Centrum Kultury http:\/\/rck.kolobrzeg.eu\/ LOKALNE MEDIA Gazeta Ko\u0142obrzeska http:\/\/www.gazetakolobrzeska.pl\/ G\u0142os Koszali\u0144ski http:\/\/www.gk24.pl\/ Radio Ko\u0142obrzeg http:\/\/www.radiokolobrzeg.pl\/ Telewizja Kablowa Ko\u0142obrzeg http:\/\/www.tkk.pl\/ PORTALE INFORMACYJNE http:\/\/www.e-kg.pl http:\/\/www.kolobrzeg.pl http:\/\/www.miastokolobrzeg.pl http:\/\/informacje.kolobrzeg.pl\/ http:\/\/takze.pl\/ http:\/\/www.baltic.info.pl\/ INNE Cmentarz Komunalny http:\/\/www.cmentarz.kolobrzeg.pl\/ Komunikacja Miejska http:\/\/km.kolobrzeg.pl\/ Miejski O\u015brodek Sportu i Rekreacji http:\/\/www.sport.kolobrzeg.pl\/ PTTK &hellip; <\/p>\n<p><a class=\"more-link block-button\" href=\"https:\/\/biblioteka.kolobrzeg.pl\/index.php\/kolobrzeg\/\">Kontynuuj czytanie &raquo;<\/a><\/p>\n","protected":false},"author":1,"featured_media":0,"parent":0,"menu_order":0,"comment_status":"closed","ping_status":"closed","template":"","meta":{"jetpack_post_was_ever_published":false,"footnotes":""},"class_list":["post-163","page","type-page","status-publish","hentry","nodate"],"jetpack_likes_enabled":true,"jetpack_sharing_enabled":true,"_links":{"self":[{"href":"https:\/\/biblioteka.kolobrzeg.pl\/index.php\/wp-json\/wp\/v2\/pages\/163","targetHints":{"allow":["GET"]}}],"collection":[{"href":"https:\/\/biblioteka.kolobrzeg.pl\/index.php\/wp-json\/wp\/v2\/pages"}],"about":[{"href":"https:\/\/biblioteka.kolobrzeg.pl\/index.php\/wp-json\/wp\/v2\/types\/page"}],"author":[{"embeddable":true,"href":"https:\/\/biblioteka.kolobrzeg.pl\/index.php\/wp-json\/wp\/v2\/users\/1"}],"replies":[{"embeddable":true,"href":"https:\/\/biblioteka.kolobrzeg.pl\/index.php\/wp-json\/wp\/v2\/comments?post=163"}],"version-history":[{"count":0,"href":"https:\/\/biblioteka.kolobrzeg.pl\/index.php\/wp-json\/wp\/v2\/pages\/163\/revisions"}],"wp:attachment":[{"href":"https:\/\/biblioteka.kolobrzeg.pl\/index.php\/wp-json\/wp\/v2\/media?parent=163"}],"curies":[{"name":"wp","href":"https:\/\/api.w.org\/{rel}","templated":true}]}}