{"id":169,"date":"2016-03-01T17:42:59","date_gmt":"2016-03-01T16:42:59","guid":{"rendered":"http:\/\/biblioteka.kolobrzeg.pl\/wordpress\/?page_id=169"},"modified":"2018-12-04T13:18:11","modified_gmt":"2018-12-04T12:18:11","slug":"legalna-kultura","status":"publish","type":"page","link":"https:\/\/biblioteka.kolobrzeg.pl\/index.php\/legalna-kultura\/","title":{"rendered":"Legalna kultura"},"content":{"rendered":"<p><strong>Adapter<br \/>\n<\/strong>Serwis VOD skierowany do os\u00f3b niepe\u0142nosprawnych. Prezentuje polskie produkcje opatrzone napisami dla nies\u0142ysz\u0105cych i\u00a0audiodeskrypcj\u0105 dla os\u00f3b niewidomych i\u00a0niedowidz\u0105cych.<br \/>\n<a href=\"http:\/\/legalnakultura.pl\/pl\/legalne-zrodla\/filmy\/catalog\/12485,10\"> http:\/\/legalnakultura.pl\/pl\/legalne-zrodla\/filmy\/catalog\/12485,10<\/a><\/p>\n<p><strong>Audiobooki<br \/>\n<\/strong>Wolne Lektury, udost\u0119pniane w formatach MP3, Ogg Vorbis oraz w systemie DAISY.<strong><br \/>\n<\/strong> <a href=\"http:\/\/wolnelektury.pl\/katalog\/audiobooki\/\"> http:\/\/wolnelektury.pl\/katalog\/audiobooki\/<\/a><\/p>\n<p><strong>Ninateka<br \/>\n<\/strong> Internetowa biblioteka tre\u015bci audio i\u00a0audiowizualnych dotycz\u0105cych kultury, cz\u0119\u015b\u0107 Narodowego Instytutu Audiowizualnego. Znajduj\u0105 si\u0119 w\u00a0niej filmy fabularne, dokumentalna, reporta\u017ce, animacji, filmy eksperymentalne, spektakle teatralne i\u00a0operowe, koncerty oraz relacje dokumentuj\u0105ce \u017cycie kulturalne i\u00a0spo\u0142eczne.<br \/>\n<a href=\"http:\/\/legalnakultura.pl\/pl\/legalne-zrodla\/filmy\/catalog\/3268,10\"> http:\/\/legalnakultura.pl\/pl\/legalne-zrodla\/filmy\/catalog\/3268,10<\/a><\/p>\n<p><strong>Wolne lektury<br \/>\n<\/strong>Portal udost\u0119pniaj\u0105cy wersje elektroniczne lektur szkolnych, kt\u00f3re s\u0105 zalecane przez Ministerstwo Edukacji Narodowej i kt\u00f3re trafi\u0142y ju\u017c do domeny publicznej.<br \/>\n<a href=\"http:\/\/wolnelektury.pl\/\"> http:\/\/wolnelektury.pl\/<\/a><\/p>\n","protected":false},"excerpt":{"rendered":"<p>Adapter Serwis VOD skierowany do os\u00f3b niepe\u0142nosprawnych. Prezentuje polskie produkcje opatrzone napisami dla nies\u0142ysz\u0105cych i\u00a0audiodeskrypcj\u0105 dla os\u00f3b niewidomych i\u00a0niedowidz\u0105cych. http:\/\/legalnakultura.pl\/pl\/legalne-zrodla\/filmy\/catalog\/12485,10 Audiobooki Wolne Lektury, udost\u0119pniane w formatach MP3, Ogg Vorbis oraz w systemie DAISY. http:\/\/wolnelektury.pl\/katalog\/audiobooki\/ Ninateka Internetowa biblioteka tre\u015bci audio i\u00a0audiowizualnych dotycz\u0105cych kultury, cz\u0119\u015b\u0107 Narodowego Instytutu Audiowizualnego. Znajduj\u0105 si\u0119 w\u00a0niej filmy fabularne, dokumentalna, reporta\u017ce, animacji, filmy &hellip; <\/p>\n<p><a class=\"more-link block-button\" href=\"https:\/\/biblioteka.kolobrzeg.pl\/index.php\/legalna-kultura\/\">Kontynuuj czytanie &raquo;<\/a><\/p>\n","protected":false},"author":1,"featured_media":0,"parent":0,"menu_order":0,"comment_status":"closed","ping_status":"closed","template":"","meta":{"jetpack_post_was_ever_published":false,"footnotes":""},"class_list":["post-169","page","type-page","status-publish","hentry","nodate"],"jetpack_likes_enabled":true,"jetpack_sharing_enabled":true,"_links":{"self":[{"href":"https:\/\/biblioteka.kolobrzeg.pl\/index.php\/wp-json\/wp\/v2\/pages\/169","targetHints":{"allow":["GET"]}}],"collection":[{"href":"https:\/\/biblioteka.kolobrzeg.pl\/index.php\/wp-json\/wp\/v2\/pages"}],"about":[{"href":"https:\/\/biblioteka.kolobrzeg.pl\/index.php\/wp-json\/wp\/v2\/types\/page"}],"author":[{"embeddable":true,"href":"https:\/\/biblioteka.kolobrzeg.pl\/index.php\/wp-json\/wp\/v2\/users\/1"}],"replies":[{"embeddable":true,"href":"https:\/\/biblioteka.kolobrzeg.pl\/index.php\/wp-json\/wp\/v2\/comments?post=169"}],"version-history":[{"count":0,"href":"https:\/\/biblioteka.kolobrzeg.pl\/index.php\/wp-json\/wp\/v2\/pages\/169\/revisions"}],"wp:attachment":[{"href":"https:\/\/biblioteka.kolobrzeg.pl\/index.php\/wp-json\/wp\/v2\/media?parent=169"}],"curies":[{"name":"wp","href":"https:\/\/api.w.org\/{rel}","templated":true}]}}