{"id":22,"date":"2016-01-18T20:26:24","date_gmt":"2016-01-18T19:26:24","guid":{"rendered":"http:\/\/biblioteka.kolobrzeg.pl\/wordpress\/?page_id=22"},"modified":"2025-09-19T15:25:32","modified_gmt":"2025-09-19T13:25:32","slug":"ksiazka-na-telefon","status":"publish","type":"page","link":"https:\/\/biblioteka.kolobrzeg.pl\/index.php\/ksiazka-na-telefon\/","title":{"rendered":"Ksi\u0105\u017cka na telefon:"},"content":{"rendered":"<p><strong><a href=\"https:\/\/biblioteka.kolobrzeg.pl\/wp-content\/uploads\/2023\/07\/telefon.jpg\" data-rel=\"lightbox-image-0\" data-rl_title=\"\" data-rl_caption=\"\" title=\"\"><img loading=\"lazy\" decoding=\"async\" class=\"alignleft wp-image-26007 size-thumbnail\" src=\"https:\/\/biblioteka.kolobrzeg.pl\/wp-content\/uploads\/2023\/07\/telefon-150x150.jpg\" alt=\"telefon\" width=\"150\" height=\"150\" srcset=\"https:\/\/biblioteka.kolobrzeg.pl\/wp-content\/uploads\/2023\/07\/telefon-150x150.jpg 150w, https:\/\/biblioteka.kolobrzeg.pl\/wp-content\/uploads\/2023\/07\/telefon-144x144.jpg 144w\" sizes=\"auto, (max-width: 150px) 100vw, 150px\" \/><\/a>Ksi\u0105\u017cka na telefon<\/strong>\u00a0to program Miejskiej Biblioteki Publicznej im. Galla Anonima w Ko\u0142obrzegu adresowany do mieszka\u0144c\u00f3w Ko\u0142obrzegu, kt\u00f3rzy ze wzgl\u0119du na stan zdrowia, wiek, stopie\u0144 niepe\u0142nosprawno\u015bci nie maj\u0105 innej mo\u017cliwo\u015bci wypo\u017cyczania ksi\u0105\u017cek.<\/p>\n<p style=\"text-align: center;\"><strong>Zamawianie ksi\u0105\u017cek<\/strong><\/p>\n<p style=\"text-align: left;\">Zbiory biblioteczne mo\u017cna zamawia\u0107 telefonicznie:<\/p>\n<p style=\"text-align: left;\">Biblioteka G\u0142\u00f3wna ul. J. Frankowskiego 3 tel. 94 35 228 70<\/p>\n<p style=\"text-align: left;\">Beletrystyka ul. Brzozowa 9a tel. 94 35 230 04<\/p>\n<p style=\"text-align: left;\">Ksi\u0105\u017cki dostarczane b\u0119d\u0105 do dom\u00f3w raz w tygodniu przez pracownik\u00f3w Biblioteki.<\/p>\n<p style=\"text-align: left;\">\u00a0Za\u0142\u0105czniki: <a href=\"https:\/\/mbpkg.ssdip.bip.gov.pl\/ksiazka-na-telefon-regulamin\/ksiazka-na-telefon.html\" data-wplink-edit=\"true\">Regulamin<\/a><\/p>\n","protected":false},"excerpt":{"rendered":"<p>Ksi\u0105\u017cka na telefon\u00a0to program Miejskiej Biblioteki Publicznej im. Galla Anonima w Ko\u0142obrzegu adresowany do mieszka\u0144c\u00f3w Ko\u0142obrzegu, kt\u00f3rzy ze wzgl\u0119du na stan zdrowia, wiek, stopie\u0144 niepe\u0142nosprawno\u015bci nie maj\u0105 innej mo\u017cliwo\u015bci wypo\u017cyczania ksi\u0105\u017cek. Zamawianie ksi\u0105\u017cek Zbiory biblioteczne mo\u017cna zamawia\u0107 telefonicznie: Biblioteka G\u0142\u00f3wna ul. J. Frankowskiego 3 tel. 94 35 228 70 Beletrystyka ul. Brzozowa 9a tel. 94 &hellip; <\/p>\n<p><a class=\"more-link block-button\" href=\"https:\/\/biblioteka.kolobrzeg.pl\/index.php\/ksiazka-na-telefon\/\">Kontynuuj czytanie &raquo;<\/a><\/p>\n","protected":false},"author":1,"featured_media":0,"parent":0,"menu_order":0,"comment_status":"closed","ping_status":"closed","template":"","meta":{"jetpack_post_was_ever_published":false,"footnotes":""},"class_list":["post-22","page","type-page","status-publish","hentry","nodate"],"jetpack_likes_enabled":true,"jetpack_sharing_enabled":true,"_links":{"self":[{"href":"https:\/\/biblioteka.kolobrzeg.pl\/index.php\/wp-json\/wp\/v2\/pages\/22","targetHints":{"allow":["GET"]}}],"collection":[{"href":"https:\/\/biblioteka.kolobrzeg.pl\/index.php\/wp-json\/wp\/v2\/pages"}],"about":[{"href":"https:\/\/biblioteka.kolobrzeg.pl\/index.php\/wp-json\/wp\/v2\/types\/page"}],"author":[{"embeddable":true,"href":"https:\/\/biblioteka.kolobrzeg.pl\/index.php\/wp-json\/wp\/v2\/users\/1"}],"replies":[{"embeddable":true,"href":"https:\/\/biblioteka.kolobrzeg.pl\/index.php\/wp-json\/wp\/v2\/comments?post=22"}],"version-history":[{"count":0,"href":"https:\/\/biblioteka.kolobrzeg.pl\/index.php\/wp-json\/wp\/v2\/pages\/22\/revisions"}],"wp:attachment":[{"href":"https:\/\/biblioteka.kolobrzeg.pl\/index.php\/wp-json\/wp\/v2\/media?parent=22"}],"curies":[{"name":"wp","href":"https:\/\/api.w.org\/{rel}","templated":true}]}}