{"id":29498,"date":"2024-07-23T09:51:02","date_gmt":"2024-07-23T07:51:02","guid":{"rendered":"https:\/\/biblioteka.kolobrzeg.pl\/?page_id=29498"},"modified":"2026-02-11T14:59:57","modified_gmt":"2026-02-11T13:59:57","slug":"biblioteka-dziecieca","status":"publish","type":"page","link":"https:\/\/biblioteka.kolobrzeg.pl\/index.php\/biblioteka-dziecieca\/","title":{"rendered":"Biblioteka Dzieci\u0119ca"},"content":{"rendered":"<div><a href=\"https:\/\/biblioteka.kolobrzeg.pl\/wp-content\/uploads\/2024\/07\/bib-bd.jpg\" data-rel=\"lightbox-image-0\" data-rl_title=\"\" data-rl_caption=\"\" title=\"\"><img loading=\"lazy\" decoding=\"async\" class=\"alignleft wp-image-29577\" src=\"https:\/\/biblioteka.kolobrzeg.pl\/wp-content\/uploads\/2024\/07\/bib-bd.jpg\" alt=\"Biblioteka Dzieci\u0119ca\" width=\"200\" height=\"150\" srcset=\"https:\/\/biblioteka.kolobrzeg.pl\/wp-content\/uploads\/2024\/07\/bib-bd.jpg 800w, https:\/\/biblioteka.kolobrzeg.pl\/wp-content\/uploads\/2024\/07\/bib-bd-768x576.jpg 768w\" sizes=\"auto, (max-width: 200px) 100vw, 200px\" \/><\/a>ul. Brzozowa 9a<\/div>\n<div>\u00a0<\/div>\n<div>Tel.: \/94\/ 35-47-203<\/div>\n<div>\u00a0<\/div>\n<div>\u00a0<\/div>\n<p align=\"justify\">\u00a0<\/p>\n<p>\u00a0<\/p>\n\n\n<div style=\"height:18px\" aria-hidden=\"true\" class=\"wp-block-spacer\"><\/div>\n\n\n<p align=\"justify\">Lekcje biblioteczne dla grup.<\/p>\n<p align=\"justify\">Zbiory:<\/p>\n<ul>\n<li>ksi\u0105\u017cki &#8211; zabawki<\/li>\n<li>wiersze, bajki dla najm\u0142odszych<\/li>\n<li>ba\u015bnie<\/li>\n<li>komiksy<\/li>\n<li>powie\u015bci przygodowe, obyczajowe, podr\u00f3\u017cnicze, historyczne oraz fantastyka<\/li>\n<li>ksi\u0105\u017cki popularyzuj\u0105ce wiedz\u0119<\/li>\n<li>czasopisma dzieci\u0119ce oraz audiobooki<\/li>\n<li>lektury szkolne klasy 1 &#8211; 6<\/li>\n<\/ul>\n<p align=\"justify\">Zaj\u0119cia i spotkania dla przedszkolak\u00f3w i dzieci szk\u00f3\u0142 podstawowych.<\/p>","protected":false},"excerpt":{"rendered":"<p>ul. Brzozowa 9a \u00a0 Tel.: \/94\/ 35-47-203 \u00a0 \u00a0 \u00a0 \u00a0 Lekcje biblioteczne dla grup. Zbiory: ksi\u0105\u017cki &#8211; zabawki wiersze, bajki dla najm\u0142odszych ba\u015bnie komiksy powie\u015bci przygodowe, obyczajowe, podr\u00f3\u017cnicze, historyczne oraz fantastyka ksi\u0105\u017cki popularyzuj\u0105ce wiedz\u0119 czasopisma dzieci\u0119ce oraz audiobooki lektury szkolne klasy 1 &#8211; 6 Zaj\u0119cia i spotkania dla przedszkolak\u00f3w i dzieci szk\u00f3\u0142 podstawowych.<\/p>\n","protected":false},"author":1,"featured_media":0,"parent":0,"menu_order":0,"comment_status":"closed","ping_status":"closed","template":"","meta":{"jetpack_post_was_ever_published":false,"footnotes":""},"class_list":["post-29498","page","type-page","status-publish","hentry","nodate"],"jetpack_likes_enabled":true,"jetpack_sharing_enabled":true,"_links":{"self":[{"href":"https:\/\/biblioteka.kolobrzeg.pl\/index.php\/wp-json\/wp\/v2\/pages\/29498","targetHints":{"allow":["GET"]}}],"collection":[{"href":"https:\/\/biblioteka.kolobrzeg.pl\/index.php\/wp-json\/wp\/v2\/pages"}],"about":[{"href":"https:\/\/biblioteka.kolobrzeg.pl\/index.php\/wp-json\/wp\/v2\/types\/page"}],"author":[{"embeddable":true,"href":"https:\/\/biblioteka.kolobrzeg.pl\/index.php\/wp-json\/wp\/v2\/users\/1"}],"replies":[{"embeddable":true,"href":"https:\/\/biblioteka.kolobrzeg.pl\/index.php\/wp-json\/wp\/v2\/comments?post=29498"}],"version-history":[{"count":4,"href":"https:\/\/biblioteka.kolobrzeg.pl\/index.php\/wp-json\/wp\/v2\/pages\/29498\/revisions"}],"predecessor-version":[{"id":34007,"href":"https:\/\/biblioteka.kolobrzeg.pl\/index.php\/wp-json\/wp\/v2\/pages\/29498\/revisions\/34007"}],"wp:attachment":[{"href":"https:\/\/biblioteka.kolobrzeg.pl\/index.php\/wp-json\/wp\/v2\/media?parent=29498"}],"curies":[{"name":"wp","href":"https:\/\/api.w.org\/{rel}","templated":true}]}}