{"id":29514,"date":"2024-07-23T10:13:10","date_gmt":"2024-07-23T08:13:10","guid":{"rendered":"https:\/\/biblioteka.kolobrzeg.pl\/?page_id=29514"},"modified":"2026-02-11T15:09:26","modified_gmt":"2026-02-11T14:09:26","slug":"filia-nr-1-biblioteka-ogrody","status":"publish","type":"page","link":"https:\/\/biblioteka.kolobrzeg.pl\/index.php\/filia-nr-1-biblioteka-ogrody\/","title":{"rendered":"Filia Nr 1 &#8211; Biblioteka Ogrody"},"content":{"rendered":"<p>ul. \u017b\u00f3\u0142kiewskiego 6<br \/>\nTel.: \/94\/ 35-17-658<\/p>\n<p align=\"justify\">Zbiory:<\/p>\n<ul>\n<li>literatura pi\u0119kna oraz popularnonaukowa dla dzieci, m\u0142odzie\u017cy i doros\u0142ych<\/li>\n<li>ksi\u0119gozbi\u00f3r podr\u0119czny,<\/li>\n<li>gazety i czasopisma<\/li>\n<li>audiobooki<\/li>\n<\/ul>\n<p>Stanowiska komputerowe z bezp\u0142atnym dost\u0119pem do Internetu s\u0142u\u017c\u0105ce wy\u0142\u0105cznie celom edukacyjnym.<\/p>\n<p>Odp\u0142atne us\u0142ugi kserograficzne, skanowanie i wydruki A4 i A3<\/p>\n<table width=\"619\">\n<tbody>\n<tr>\n<td colspan=\"4\" width=\"619\"><strong>KSEROWANIE, WYDRUK Z KOMPUTERA<\/strong><\/td>\n<td width=\"0\"><\/td>\n<\/tr>\n<tr>\n<td rowspan=\"2\" width=\"276\"><strong>Odbitki, wydruki jednostronne<\/strong><\/td>\n<td rowspan=\"2\" width=\"165\"><strong>Urz\u0105dzenie<\/strong><\/td>\n<td rowspan=\"2\" width=\"95\"><strong>Format odbitki<\/strong><\/td>\n<td rowspan=\"2\" width=\"83\"><strong>Cena<\/strong><\/td>\n<td width=\"0\"><\/td>\n<\/tr>\n<tr>\n<td width=\"0\"><\/td>\n<\/tr>\n<tr>\n<td rowspan=\"2\" width=\"276\">Kserokopia,<\/td>\n<td rowspan=\"2\" width=\"165\">Kserokopiarka,<\/td>\n<td rowspan=\"3\" width=\"95\">A4<\/td>\n<td rowspan=\"3\" width=\"83\">0,50 z\u0142<\/td>\n<td width=\"0\"><\/td>\n<\/tr>\n<tr>\n<td width=\"0\"><\/td>\n<\/tr>\n<tr>\n<td width=\"276\">Wydruk czarno-bia\u0142y<\/td>\n<td width=\"165\">drukarka<\/td>\n<td width=\"0\"><\/td>\n<\/tr>\n<tr>\n<td width=\"276\">Kserokopia czarno-bia\u0142a<\/td>\n<td width=\"165\">kserokopiarka<\/td>\n<td width=\"95\">A3<\/td>\n<td width=\"83\">1,00 z\u0142<\/td>\n<td width=\"0\"><\/td>\n<\/tr>\n<tr>\n<td width=\"276\">Kserokopia, wydruk w kolorze<\/td>\n<td width=\"165\"><\/td>\n<td width=\"95\">A4<\/td>\n<td width=\"83\">3,00 z\u0142<\/td>\n<td width=\"0\"><\/td>\n<\/tr>\n<tr>\n<td width=\"276\">Kserokopia, wydruk w kolorze<\/td>\n<td width=\"165\"><\/td>\n<td width=\"95\">A3<\/td>\n<td width=\"83\">5,50 z\u0142<\/td>\n<td width=\"0\"><\/td>\n<\/tr>\n<tr>\n<td colspan=\"4\" width=\"619\"><strong>SKANOWANIE<\/strong><\/td>\n<td width=\"0\"><\/td>\n<\/tr>\n<tr>\n<td width=\"276\">Skanowanie<\/td>\n<td width=\"165\"><\/td>\n<td width=\"95\">A4<\/td>\n<td width=\"83\">1,50 z\u0142<\/td>\n<\/tr>\n<\/tbody>\n<\/table>\n","protected":false},"excerpt":{"rendered":"<p>ul. \u017b\u00f3\u0142kiewskiego 6 Tel.: \/94\/ 35-17-658 Zbiory: literatura pi\u0119kna oraz popularnonaukowa dla dzieci, m\u0142odzie\u017cy i doros\u0142ych ksi\u0119gozbi\u00f3r podr\u0119czny, gazety i czasopisma audiobooki Stanowiska komputerowe z bezp\u0142atnym dost\u0119pem do Internetu s\u0142u\u017c\u0105ce wy\u0142\u0105cznie celom edukacyjnym. Odp\u0142atne us\u0142ugi kserograficzne, skanowanie i wydruki A4 i A3 KSEROWANIE, WYDRUK Z KOMPUTERA Odbitki, wydruki jednostronne Urz\u0105dzenie Format odbitki Cena Kserokopia, Kserokopiarka, &hellip; <\/p>\n<p><a class=\"more-link block-button\" href=\"https:\/\/biblioteka.kolobrzeg.pl\/index.php\/filia-nr-1-biblioteka-ogrody\/\">Kontynuuj czytanie &raquo;<\/a><\/p>\n","protected":false},"author":1,"featured_media":0,"parent":0,"menu_order":0,"comment_status":"closed","ping_status":"closed","template":"","meta":{"jetpack_post_was_ever_published":false,"footnotes":""},"class_list":["post-29514","page","type-page","status-publish","hentry","nodate"],"jetpack_likes_enabled":true,"jetpack_sharing_enabled":true,"_links":{"self":[{"href":"https:\/\/biblioteka.kolobrzeg.pl\/index.php\/wp-json\/wp\/v2\/pages\/29514","targetHints":{"allow":["GET"]}}],"collection":[{"href":"https:\/\/biblioteka.kolobrzeg.pl\/index.php\/wp-json\/wp\/v2\/pages"}],"about":[{"href":"https:\/\/biblioteka.kolobrzeg.pl\/index.php\/wp-json\/wp\/v2\/types\/page"}],"author":[{"embeddable":true,"href":"https:\/\/biblioteka.kolobrzeg.pl\/index.php\/wp-json\/wp\/v2\/users\/1"}],"replies":[{"embeddable":true,"href":"https:\/\/biblioteka.kolobrzeg.pl\/index.php\/wp-json\/wp\/v2\/comments?post=29514"}],"version-history":[{"count":1,"href":"https:\/\/biblioteka.kolobrzeg.pl\/index.php\/wp-json\/wp\/v2\/pages\/29514\/revisions"}],"predecessor-version":[{"id":34015,"href":"https:\/\/biblioteka.kolobrzeg.pl\/index.php\/wp-json\/wp\/v2\/pages\/29514\/revisions\/34015"}],"wp:attachment":[{"href":"https:\/\/biblioteka.kolobrzeg.pl\/index.php\/wp-json\/wp\/v2\/media?parent=29514"}],"curies":[{"name":"wp","href":"https:\/\/api.w.org\/{rel}","templated":true}]}}