{"id":29518,"date":"2024-07-23T10:19:52","date_gmt":"2024-07-23T08:19:52","guid":{"rendered":"https:\/\/biblioteka.kolobrzeg.pl\/?page_id=29518"},"modified":"2026-02-11T15:09:28","modified_gmt":"2026-02-11T14:09:28","slug":"filia-nr-2","status":"publish","type":"page","link":"https:\/\/biblioteka.kolobrzeg.pl\/index.php\/filia-nr-2\/","title":{"rendered":"Filia Nr 2"},"content":{"rendered":"<p>ul. Arciszewskiego 4a\/2<br \/>\nTel.: 512-385-452<\/p>\n<p><strong>Filia nr 2<\/strong>, ul. Arciszewskiego 4a\/2<\/p>\n<p align=\"justify\">Zbiory:<\/p>\n<ul>\n<li>literatura pi\u0119kna dla dzieci i doros\u0142ych<\/li>\n<li>literatura popularnonaukowa dla dzieci i doros\u0142ych<\/li>\n<li>ksi\u0119gozbi\u00f3r podr\u0119czny<\/li>\n<\/ul>\n","protected":false},"excerpt":{"rendered":"<p>ul. Arciszewskiego 4a\/2 Tel.: 512-385-452 Filia nr 2, ul. Arciszewskiego 4a\/2 Zbiory: literatura pi\u0119kna dla dzieci i doros\u0142ych literatura popularnonaukowa dla dzieci i doros\u0142ych ksi\u0119gozbi\u00f3r podr\u0119czny<\/p>\n","protected":false},"author":1,"featured_media":0,"parent":0,"menu_order":0,"comment_status":"closed","ping_status":"closed","template":"","meta":{"jetpack_post_was_ever_published":false,"footnotes":""},"class_list":["post-29518","page","type-page","status-publish","hentry","nodate"],"jetpack_likes_enabled":true,"jetpack_sharing_enabled":true,"_links":{"self":[{"href":"https:\/\/biblioteka.kolobrzeg.pl\/index.php\/wp-json\/wp\/v2\/pages\/29518","targetHints":{"allow":["GET"]}}],"collection":[{"href":"https:\/\/biblioteka.kolobrzeg.pl\/index.php\/wp-json\/wp\/v2\/pages"}],"about":[{"href":"https:\/\/biblioteka.kolobrzeg.pl\/index.php\/wp-json\/wp\/v2\/types\/page"}],"author":[{"embeddable":true,"href":"https:\/\/biblioteka.kolobrzeg.pl\/index.php\/wp-json\/wp\/v2\/users\/1"}],"replies":[{"embeddable":true,"href":"https:\/\/biblioteka.kolobrzeg.pl\/index.php\/wp-json\/wp\/v2\/comments?post=29518"}],"version-history":[{"count":1,"href":"https:\/\/biblioteka.kolobrzeg.pl\/index.php\/wp-json\/wp\/v2\/pages\/29518\/revisions"}],"predecessor-version":[{"id":34016,"href":"https:\/\/biblioteka.kolobrzeg.pl\/index.php\/wp-json\/wp\/v2\/pages\/29518\/revisions\/34016"}],"wp:attachment":[{"href":"https:\/\/biblioteka.kolobrzeg.pl\/index.php\/wp-json\/wp\/v2\/media?parent=29518"}],"curies":[{"name":"wp","href":"https:\/\/api.w.org\/{rel}","templated":true}]}}