{"id":31015,"date":"2025-02-21T14:25:57","date_gmt":"2025-02-21T13:25:57","guid":{"rendered":"https:\/\/biblioteka.kolobrzeg.pl\/?page_id=31015"},"modified":"2025-03-05T11:44:58","modified_gmt":"2025-03-05T10:44:58","slug":"newsletter-2","status":"publish","type":"page","link":"https:\/\/biblioteka.kolobrzeg.pl\/index.php\/newsletter-2\/","title":{"rendered":"Newsletter"},"content":{"rendered":"<h5>Nie przegap okazji, aby wzbogaci\u0107 swoje literackie do\u015bwiadczenia! Zapisz si\u0119 ju\u017c dzi\u015b i do\u0142\u0105cz do naszej spo\u0142eczno\u015bci mi\u0142o\u015bnik\u00f3w ksi\u0105\u017cek. Wsp\u00f3lnie odkryjemy magiczny \u015bwiat literatury.<\/h5>\n<h5>Czekamy na Ciebie.<\/h5>\n\n\n                <div class=\"ml-embedded\" data-form=\"r4uA3h\"><\/div>\n            \n","protected":false},"excerpt":{"rendered":"<p>Nie przegap okazji, aby wzbogaci\u0107 swoje literackie do\u015bwiadczenia! Zapisz si\u0119 ju\u017c dzi\u015b i do\u0142\u0105cz do naszej spo\u0142eczno\u015bci mi\u0142o\u015bnik\u00f3w ksi\u0105\u017cek. Wsp\u00f3lnie odkryjemy magiczny \u015bwiat literatury. Czekamy na Ciebie.<\/p>\n","protected":false},"author":1,"featured_media":0,"parent":0,"menu_order":0,"comment_status":"closed","ping_status":"closed","template":"","meta":{"jetpack_post_was_ever_published":false,"footnotes":""},"class_list":["post-31015","page","type-page","status-publish","hentry","nodate"],"jetpack_likes_enabled":true,"jetpack_sharing_enabled":true,"_links":{"self":[{"href":"https:\/\/biblioteka.kolobrzeg.pl\/index.php\/wp-json\/wp\/v2\/pages\/31015","targetHints":{"allow":["GET"]}}],"collection":[{"href":"https:\/\/biblioteka.kolobrzeg.pl\/index.php\/wp-json\/wp\/v2\/pages"}],"about":[{"href":"https:\/\/biblioteka.kolobrzeg.pl\/index.php\/wp-json\/wp\/v2\/types\/page"}],"author":[{"embeddable":true,"href":"https:\/\/biblioteka.kolobrzeg.pl\/index.php\/wp-json\/wp\/v2\/users\/1"}],"replies":[{"embeddable":true,"href":"https:\/\/biblioteka.kolobrzeg.pl\/index.php\/wp-json\/wp\/v2\/comments?post=31015"}],"version-history":[{"count":0,"href":"https:\/\/biblioteka.kolobrzeg.pl\/index.php\/wp-json\/wp\/v2\/pages\/31015\/revisions"}],"wp:attachment":[{"href":"https:\/\/biblioteka.kolobrzeg.pl\/index.php\/wp-json\/wp\/v2\/media?parent=31015"}],"curies":[{"name":"wp","href":"https:\/\/api.w.org\/{rel}","templated":true}]}}