{"id":525,"date":"2016-03-21T15:03:09","date_gmt":"2016-03-21T14:03:09","guid":{"rendered":"http:\/\/biblioteka.kolobrzeg.pl\/wordpress\/?page_id=525"},"modified":"2020-09-01T10:00:41","modified_gmt":"2020-09-01T08:00:41","slug":"partnerzy","status":"publish","type":"page","link":"https:\/\/biblioteka.kolobrzeg.pl\/index.php\/partnerzy\/","title":{"rendered":"Partnerzy"},"content":{"rendered":"<table role=\"presentation\" ;=\"\" style=\"width: 100%;\" align=\"center\">\n<tbody>\n<tr>\n<td><a href=\"http:\/\/wzp.pl\/\"><img loading=\"lazy\" decoding=\"async\" class=\"aligncenter wp-image-197\" src=\"http:\/\/biblioteka.kolobrzeg.pl\/wp-content\/uploads\/2016\/01\/gryflogo.jpg\" alt=\"gryf logo\" width=\"81\" height=\"90\"><\/a><\/td>\n<td>\n<p style=\"text-align: center;\">&nbsp;Urz\u0105d Marsza\u0142kowski woj. Zachodniopomorskiego<br \/>\n<a href=\"http:\/\/wzp.pl\/\">http:\/\/wzp.pl<\/a><\/p>\n<\/td>\n<\/tr>\n<tr>\n<td><a href=\"http:\/\/bn.org.pl\"><img loading=\"lazy\" decoding=\"async\" class=\"aligncenter wp-image-199\" src=\"http:\/\/biblioteka.kolobrzeg.pl\/wp-content\/uploads\/2016\/01\/bnlogo.jpg\" alt=\"logo BN\" width=\"157\" height=\"49\"><\/a><\/td>\n<td style=\"text-align: center;\">&nbsp;Biblioteka Narodowa<br \/>\n<a href=\"http:\/\/bn.org.pl\">http:\/\/bn.org.pl<\/a><\/td>\n<\/tr>\n<tr>\n<td><a href=\"http:\/\/www.mkidn.gov.pl\"><img loading=\"lazy\" decoding=\"async\" class=\"aligncenter wp-image-201\" src=\"http:\/\/biblioteka.kolobrzeg.pl\/wp-content\/uploads\/2016\/01\/nprclogo.jpg\" alt=\"nprclogo\" width=\"112\" height=\"42\"><\/a><\/td>\n<td style=\"text-align: center;\">&nbsp;Narodowy Program Rozwoju Czytelnictwa \u2013<br \/>\nProgram Ministra Kultury i Dziedzictwa Narodowego<br \/>\n<a href=\"http:\/\/www.mkidn.gov.pl\">http:\/\/www.mkidn.gov.pl<\/a><\/td>\n<\/tr>\n<tr>\n<td><a href=\"http:\/\/www.bibliotekaplus.pl\"><img loading=\"lazy\" decoding=\"async\" class=\"aligncenter wp-image-198\" src=\"http:\/\/biblioteka.kolobrzeg.pl\/wp-content\/uploads\/2016\/01\/bibliotekapluslogo.jpg\" alt=\"bibliotekapluslogo\" width=\"97\" height=\"90\"><\/a><\/td>\n<td style=\"text-align: center;\">&nbsp;Biblioteka+ &#8211; Program Ministra Kultury i Dziedzictwa Narodowego<br \/>\n<a href=\"http:\/\/www.bibliotekaplus.pl\">http:\/\/www.bibliotekaplus.pl<\/a><\/td>\n<\/tr>\n<tr>\n<td><a href=\"http:\/\/www.instytutksiazki.pl\"><img loading=\"lazy\" decoding=\"async\" class=\"aligncenter wp-image-184\" src=\"http:\/\/biblioteka.kolobrzeg.pl\/wp-content\/uploads\/2016\/01\/kraszewskilogo.gif\" alt=\"kraszewskilogo\" width=\"68\" height=\"90\"><\/a><\/td>\n<td style=\"text-align: center;\">&nbsp;Instytut Ksi\u0105\u017cki<br \/>\n<a href=\"http:\/\/www.instytutksiazki.pl\">http:\/\/www.instytutksiazki.pl<\/a><\/td>\n<\/tr>\n<tr>\n<td><a href=\"http:\/\/www.instytutksiazki.pl\/p,dkk.html\"><img loading=\"lazy\" decoding=\"async\" class=\"aligncenter wp-image-709\" src=\"http:\/\/biblioteka.kolobrzeg.pl\/wp-content\/uploads\/2016\/09\/dkk.jpg\" alt=\"Dyskusyjny Klub Ksi\u0105\u017cki\" width=\"125\" height=\"80\"><\/a><\/td>\n<td style=\"text-align: center;\">&nbsp;Dyskusyjne Kluby Ksi\u0105\u017cki<br \/>\n<a href=\"http:\/\/www.instytutksiazki.pl\/p,dkk.html\">http:\/\/www.instytutksiazki.pl\/p,dkk.html<\/a><\/td>\n<\/tr>\n<tr>\n<td><a href=\"http:\/\/libra.ibuk.pl\/\"><img loading=\"lazy\" decoding=\"async\" class=\"aligncenter wp-image-281\" src=\"http:\/\/biblioteka.kolobrzeg.pl\/wp-content\/uploads\/2016\/03\/ibuklibralogo-150x150.jpg\" alt=\"Ibuk Libra logo\" width=\"83\" height=\"90\"><\/a><\/td>\n<td>\n<p style=\"text-align: center;\">&nbsp; Ibuk Libra<br \/>\n<a href=\"http:\/\/libra.ibuk.pl\/\">http:\/\/libra.ibuk.pl<\/a><\/p>\n<\/td>\n<\/tr>\n<tr>\n<td><a href=\"http:\/\/www.ksiaznica.szczecin.pl\/\"><img loading=\"lazy\" decoding=\"async\" class=\"aligncenter wp-image-820\" src=\"http:\/\/biblioteka.kolobrzeg.pl\/wp-content\/uploads\/2016\/03\/ksiaznicapom.jpg\" alt=\"Ksi\u0105\u017cnica Pomorska logo\" width=\"116\" height=\"69\"><\/a><\/td>\n<td style=\"text-align: center;\">&nbsp;Ksi\u0105\u017cnica Pomorska<br \/>\n<a href=\"http:\/\/www.ksiaznica.szczecin.pl\">http:\/\/www.ksiaznica.szczecin.pl<\/a><\/td>\n<\/tr>\n<tr>\n<td><a href=\"http:\/\/wzp.pl\"><img loading=\"lazy\" decoding=\"async\" class=\"aligncenter wp-image-948\" src=\"http:\/\/biblioteka.kolobrzeg.pl\/wp-content\/uploads\/2016\/10\/pomorzezachlogo.png\" alt=\"pomorze zachodnie logo\" width=\"109\" height=\"80\"><\/a><\/td>\n<td style=\"text-align: center;\">Urz\u0105d Marsza\u0142kowski<br \/>\nWojew\u00f3dztwa Zachodniopomorskiego<br \/>\n<a href=\"http:\/\/www.wzp.pl\">http:\/\/www.wzp.pl<\/a><\/td>\n<\/tr>\n<\/tbody>\n<\/table>\n","protected":false},"excerpt":{"rendered":"<p>&nbsp;Urz\u0105d Marsza\u0142kowski woj. Zachodniopomorskiego http:\/\/wzp.pl &nbsp;Biblioteka Narodowa http:\/\/bn.org.pl &nbsp;Narodowy Program Rozwoju Czytelnictwa \u2013 Program Ministra Kultury i Dziedzictwa Narodowego http:\/\/www.mkidn.gov.pl &nbsp;Biblioteka+ &#8211; Program Ministra Kultury i Dziedzictwa Narodowego http:\/\/www.bibliotekaplus.pl &nbsp;Instytut Ksi\u0105\u017cki http:\/\/www.instytutksiazki.pl &nbsp;Dyskusyjne Kluby Ksi\u0105\u017cki http:\/\/www.instytutksiazki.pl\/p,dkk.html &nbsp; Ibuk Libra http:\/\/libra.ibuk.pl &nbsp;Ksi\u0105\u017cnica Pomorska http:\/\/www.ksiaznica.szczecin.pl Urz\u0105d Marsza\u0142kowski Wojew\u00f3dztwa Zachodniopomorskiego http:\/\/www.wzp.pl<\/p>\n","protected":false},"author":1,"featured_media":0,"parent":0,"menu_order":0,"comment_status":"closed","ping_status":"closed","template":"","meta":{"jetpack_post_was_ever_published":false,"footnotes":""},"class_list":["post-525","page","type-page","status-publish","hentry","nodate"],"jetpack_likes_enabled":true,"jetpack_sharing_enabled":true,"_links":{"self":[{"href":"https:\/\/biblioteka.kolobrzeg.pl\/index.php\/wp-json\/wp\/v2\/pages\/525","targetHints":{"allow":["GET"]}}],"collection":[{"href":"https:\/\/biblioteka.kolobrzeg.pl\/index.php\/wp-json\/wp\/v2\/pages"}],"about":[{"href":"https:\/\/biblioteka.kolobrzeg.pl\/index.php\/wp-json\/wp\/v2\/types\/page"}],"author":[{"embeddable":true,"href":"https:\/\/biblioteka.kolobrzeg.pl\/index.php\/wp-json\/wp\/v2\/users\/1"}],"replies":[{"embeddable":true,"href":"https:\/\/biblioteka.kolobrzeg.pl\/index.php\/wp-json\/wp\/v2\/comments?post=525"}],"version-history":[{"count":0,"href":"https:\/\/biblioteka.kolobrzeg.pl\/index.php\/wp-json\/wp\/v2\/pages\/525\/revisions"}],"wp:attachment":[{"href":"https:\/\/biblioteka.kolobrzeg.pl\/index.php\/wp-json\/wp\/v2\/media?parent=525"}],"curies":[{"name":"wp","href":"https:\/\/api.w.org\/{rel}","templated":true}]}}