{"id":544,"date":"2016-03-22T13:07:36","date_gmt":"2016-03-22T12:07:36","guid":{"rendered":"http:\/\/biblioteka.kolobrzeg.pl\/wordpress\/?page_id=544"},"modified":"2016-03-22T13:07:36","modified_gmt":"2016-03-22T12:07:36","slug":"jak-zapisac-sie-do-biblioteki","status":"publish","type":"page","link":"https:\/\/biblioteka.kolobrzeg.pl\/index.php\/jak-zapisac-sie-do-biblioteki\/","title":{"rendered":"Jak zapisa\u0107 si\u0119 do Biblioteki"},"content":{"rendered":"<p>Najwa\u017cniejszym dokumentem reguluj\u0105cym zasady korzystania z Biblioteki jest Regulamin korzystania ze zbior\u00f3w i us\u0142ug Miejskiej Biblioteki Publicznej w Ko\u0142obrzegu. Zanim zostaniesz naszym Czytelnikiem musisz si\u0119 z nim zapozna\u0107.<\/p>\n<ol>\n<li>Warunkiem korzystania ze zbior\u00f3w Miejskiej Biblioteki Publicznej jest rejestracja i posiadanie Karty Czytelnika.<\/li>\n<li>Rejestracji do Biblioteki mo\u017cna dokona\u0107 w ka\u017cdej plac\u00f3wce Biblioteki Miejskiej na terenie Ko\u0142obrzegu.<\/li>\n<li>Trzeba pami\u0119ta\u0107, aby w dniu zapisu do Biblioteki zabra\u0107 z domu dokument to\u017csamo\u015bci. Na podstawie danych z okazanego dokumentu bibliotekarz przygotuje Kart\u0119 Czytelnika oraz utworzy internetowe Konto Biblioteczne.<\/li>\n<li>W celu dokonania rejestracji w systemie bibliotecznym zostanie wype\u0142niona Karta Zapisu.<\/li>\n<li>Dokument to\u017csamo\u015bci pos\u0142u\u017cy do zweryfikowania danych odnotowanych na Karcie Zapisu.<\/li>\n<\/ol>\n<p><a href=\"http:\/\/biblioteka.kolobrzeg.pl\/wordpress\/wp-content\/uploads\/2016\/03\/kartazapisuwzor.jpg\" rel=\"attachment wp-att-545\" data-rel=\"lightbox-image-0\" data-rl_title=\"\" data-rl_caption=\"\" title=\"\"><img loading=\"lazy\" decoding=\"async\" class=\"aligncenter size-full wp-image-545\" src=\"http:\/\/biblioteka.kolobrzeg.pl\/wordpress\/wp-content\/uploads\/2016\/03\/kartazapisuwzor.jpg\" alt=\"Wz\u00f3r karty zapisu\" width=\"295\" height=\"454\" srcset=\"https:\/\/biblioteka.kolobrzeg.pl\/wp-content\/uploads\/2016\/03\/kartazapisuwzor.jpg 295w, https:\/\/biblioteka.kolobrzeg.pl\/wp-content\/uploads\/2016\/03\/kartazapisuwzor-195x300.jpg 195w\" sizes=\"auto, (max-width: 295px) 100vw, 295px\" \/><\/a><\/p>\n<ol start=\"6\">\n<li>Wydrukowan\u0105 Kart\u0119 Zapisu nale\u017cy podpisa\u0107. Z\u0142o\u017cenie podpisu na karcie jest r\u00f3wnoznaczne z potwierdzeniem poprawno\u015bci danych osobowych i adresowych, wyra\u017ceniem zgody na przestrzeganie Regulaminu oraz na uznanie ewentualnych roszcze\u0144 prawnych Biblioteki za niezwr\u00f3cone materia\u0142y biblioteczne.<\/li>\n<li>Dane osobowe b\u0119d\u0105 wykorzystane wy\u0142\u0105cznie do cel\u00f3w statystycznych i ewentualnych roszcze\u0144 prawnych za niezwr\u00f3cone materia\u0142y.<\/li>\n<li>Po rejestracji nieodp\u0142atnie wydana zostanie Karta Czytelnika. Nale\u017cy pami\u0119ta\u0107, \u017ce Karta Czytelnika upowa\u017cnia Czytelnika do korzystania ze zbior\u00f3w we wszystkich agendach Biblioteki na terenie miasta. W przypadku zmiany nazwiska lub po wytarciu kodu kreskowego, Karta wymieniana jest bezp\u0142atnie. Natomiast za wykonanie duplikatu, w przypadku utraty Karty, pobierana jest op\u0142ata w wysoko\u015bci 8 z\u0142.<\/li>\n<\/ol>\n<p><a href=\"http:\/\/biblioteka.kolobrzeg.pl\/wordpress\/wp-content\/uploads\/2016\/03\/wzorkartyczyt.jpg\" rel=\"attachment wp-att-546\" data-rel=\"lightbox-image-1\" data-rl_title=\"\" data-rl_caption=\"\" title=\"\"><img loading=\"lazy\" decoding=\"async\" class=\"aligncenter size-full wp-image-546\" src=\"http:\/\/biblioteka.kolobrzeg.pl\/wordpress\/wp-content\/uploads\/2016\/03\/wzorkartyczyt.jpg\" alt=\"Wz\u00f3r karty czytelnika\" width=\"531\" height=\"207\" srcset=\"https:\/\/biblioteka.kolobrzeg.pl\/wp-content\/uploads\/2016\/03\/wzorkartyczyt.jpg 531w, https:\/\/biblioteka.kolobrzeg.pl\/wp-content\/uploads\/2016\/03\/wzorkartyczyt-300x117.jpg 300w\" sizes=\"auto, (max-width: 531px) 100vw, 531px\" \/><\/a><\/p>\n<ol start=\"9\">\n<li>Poza Kart\u0105 Czytelnika utworzone zostanie dla osoby zarejestrowanej Internetowe Konto Biblioteczne.<\/li>\n<\/ol>\n","protected":false},"excerpt":{"rendered":"<p>Najwa\u017cniejszym dokumentem reguluj\u0105cym zasady korzystania z Biblioteki jest Regulamin korzystania ze zbior\u00f3w i us\u0142ug Miejskiej Biblioteki Publicznej w Ko\u0142obrzegu. Zanim zostaniesz naszym Czytelnikiem musisz si\u0119 z nim zapozna\u0107. Warunkiem korzystania ze zbior\u00f3w Miejskiej Biblioteki Publicznej jest rejestracja i posiadanie Karty Czytelnika. Rejestracji do Biblioteki mo\u017cna dokona\u0107 w ka\u017cdej plac\u00f3wce Biblioteki Miejskiej na terenie Ko\u0142obrzegu. Trzeba &hellip; <\/p>\n<p><a class=\"more-link block-button\" href=\"https:\/\/biblioteka.kolobrzeg.pl\/index.php\/jak-zapisac-sie-do-biblioteki\/\">Kontynuuj czytanie &raquo;<\/a><\/p>\n","protected":false},"author":1,"featured_media":0,"parent":0,"menu_order":0,"comment_status":"closed","ping_status":"closed","template":"","meta":{"jetpack_post_was_ever_published":false,"footnotes":""},"class_list":["post-544","page","type-page","status-publish","hentry","nodate"],"jetpack_likes_enabled":true,"jetpack_sharing_enabled":true,"_links":{"self":[{"href":"https:\/\/biblioteka.kolobrzeg.pl\/index.php\/wp-json\/wp\/v2\/pages\/544","targetHints":{"allow":["GET"]}}],"collection":[{"href":"https:\/\/biblioteka.kolobrzeg.pl\/index.php\/wp-json\/wp\/v2\/pages"}],"about":[{"href":"https:\/\/biblioteka.kolobrzeg.pl\/index.php\/wp-json\/wp\/v2\/types\/page"}],"author":[{"embeddable":true,"href":"https:\/\/biblioteka.kolobrzeg.pl\/index.php\/wp-json\/wp\/v2\/users\/1"}],"replies":[{"embeddable":true,"href":"https:\/\/biblioteka.kolobrzeg.pl\/index.php\/wp-json\/wp\/v2\/comments?post=544"}],"version-history":[{"count":0,"href":"https:\/\/biblioteka.kolobrzeg.pl\/index.php\/wp-json\/wp\/v2\/pages\/544\/revisions"}],"wp:attachment":[{"href":"https:\/\/biblioteka.kolobrzeg.pl\/index.php\/wp-json\/wp\/v2\/media?parent=544"}],"curies":[{"name":"wp","href":"https:\/\/api.w.org\/{rel}","templated":true}]}}