{"id":588,"date":"2016-04-05T14:45:39","date_gmt":"2016-04-05T12:45:39","guid":{"rendered":"http:\/\/biblioteka.kolobrzeg.pl\/wordpress\/?page_id=588"},"modified":"2023-03-01T13:59:16","modified_gmt":"2023-03-01T12:59:16","slug":"zaproponuj-do-zbiorow","status":"publish","type":"page","link":"https:\/\/biblioteka.kolobrzeg.pl\/index.php\/zaproponuj-do-zbiorow\/","title":{"rendered":"Zaproponuj ksi\u0105\u017ck\u0119"},"content":{"rendered":"<p><a href=\"https:\/\/biblioteka.kolobrzeg.pl\/wordpress\/wp-content\/uploads\/2016\/04\/zakupksiazek.jpg\" rel=\"attachment wp-att-591\" data-rel=\"lightbox-image-0\" data-rl_title=\"\" data-rl_caption=\"\" title=\"\"><img loading=\"lazy\" decoding=\"async\" class=\"aligncenter size-full wp-image-591\" src=\"https:\/\/biblioteka.kolobrzeg.pl\/wordpress\/wp-content\/uploads\/2016\/04\/zakupksiazek.jpg\" alt=\"Zakup ksi\u0105\u017cek\" width=\"400\" height=\"294\" srcset=\"https:\/\/biblioteka.kolobrzeg.pl\/wp-content\/uploads\/2016\/04\/zakupksiazek.jpg 400w, https:\/\/biblioteka.kolobrzeg.pl\/wp-content\/uploads\/2016\/04\/zakupksiazek-300x221.jpg 300w\" sizes=\"auto, (max-width: 400px) 100vw, 400px\" \/><\/a><\/p>\n<p><span style=\"color: #3366ff;\"><strong>Drogi Czytelniku!<\/strong><\/span><\/p>\n<p>Zapraszamy Ci\u0119 do wsp\u00f3lnego tworzenia ksi\u0119gozbioru i dodawania ciekawych pozycji ksi\u0105\u017ckowych. Je\u017celi w naszej bibliotece nie ma ksi\u0105\u017cki, kt\u00f3ra Ci\u0119 interesuje, zaproponuj jej zakup:<\/p>\n<ul>\n<li>wy\u015blij e-maila, podaj\u0105c autora i tytu\u0142 proponowanej ksi\u0105\u017cki na adres: <a href=\"mailto:opracowanie@biblioteka.kolobrzeg.pl\"><strong><span style=\"color: #3366ff;\">opracowanie@biblioteka.kolobrzeg.pl<\/span><\/strong><\/a><\/li>\n<\/ul>\n<p>lub<\/p>\n<ul>\n<li>&#8211; wype\u0142nij kart\u0119 zg\u0142oszenia w Bibliotece<\/li>\n<\/ul>\n","protected":false},"excerpt":{"rendered":"<p>Drogi Czytelniku! Zapraszamy Ci\u0119 do wsp\u00f3lnego tworzenia ksi\u0119gozbioru i dodawania ciekawych pozycji ksi\u0105\u017ckowych. Je\u017celi w naszej bibliotece nie ma ksi\u0105\u017cki, kt\u00f3ra Ci\u0119 interesuje, zaproponuj jej zakup: wy\u015blij e-maila, podaj\u0105c autora i tytu\u0142 proponowanej ksi\u0105\u017cki na adres: opracowanie@biblioteka.kolobrzeg.pl lub &#8211; wype\u0142nij kart\u0119 zg\u0142oszenia w Bibliotece<\/p>\n","protected":false},"author":1,"featured_media":0,"parent":0,"menu_order":0,"comment_status":"closed","ping_status":"closed","template":"","meta":{"jetpack_post_was_ever_published":false,"footnotes":""},"class_list":["post-588","page","type-page","status-publish","hentry","nodate"],"jetpack_likes_enabled":true,"jetpack_sharing_enabled":true,"_links":{"self":[{"href":"https:\/\/biblioteka.kolobrzeg.pl\/index.php\/wp-json\/wp\/v2\/pages\/588","targetHints":{"allow":["GET"]}}],"collection":[{"href":"https:\/\/biblioteka.kolobrzeg.pl\/index.php\/wp-json\/wp\/v2\/pages"}],"about":[{"href":"https:\/\/biblioteka.kolobrzeg.pl\/index.php\/wp-json\/wp\/v2\/types\/page"}],"author":[{"embeddable":true,"href":"https:\/\/biblioteka.kolobrzeg.pl\/index.php\/wp-json\/wp\/v2\/users\/1"}],"replies":[{"embeddable":true,"href":"https:\/\/biblioteka.kolobrzeg.pl\/index.php\/wp-json\/wp\/v2\/comments?post=588"}],"version-history":[{"count":0,"href":"https:\/\/biblioteka.kolobrzeg.pl\/index.php\/wp-json\/wp\/v2\/pages\/588\/revisions"}],"wp:attachment":[{"href":"https:\/\/biblioteka.kolobrzeg.pl\/index.php\/wp-json\/wp\/v2\/media?parent=588"}],"curies":[{"name":"wp","href":"https:\/\/api.w.org\/{rel}","templated":true}]}}