{"id":600,"date":"2016-04-05T15:03:43","date_gmt":"2016-04-05T13:03:43","guid":{"rendered":"http:\/\/biblioteka.kolobrzeg.pl\/wordpress\/?page_id=600"},"modified":"2017-03-14T17:46:46","modified_gmt":"2017-03-14T16:46:46","slug":"dostep-do-internetu","status":"publish","type":"page","link":"https:\/\/biblioteka.kolobrzeg.pl\/index.php\/dostep-do-internetu\/","title":{"rendered":"Dost\u0119p do internetu"},"content":{"rendered":"<p><a href=\"http:\/\/biblioteka.kolobrzeg.pl\/wp-content\/uploads\/2016\/04\/komputer.jpg\" data-rel=\"lightbox-image-0\" data-rl_title=\"\" data-rl_caption=\"\" title=\"\"><img loading=\"lazy\" decoding=\"async\" class=\"alignleft wp-image-1625\" src=\"http:\/\/biblioteka.kolobrzeg.pl\/wp-content\/uploads\/2016\/04\/komputer.jpg\" alt=\"komputer\" width=\"176\" height=\"128\" srcset=\"https:\/\/biblioteka.kolobrzeg.pl\/wp-content\/uploads\/2016\/04\/komputer.jpg 303w, https:\/\/biblioteka.kolobrzeg.pl\/wp-content\/uploads\/2016\/04\/komputer-300x218.jpg 300w\" sizes=\"auto, (max-width: 176px) 100vw, 176px\" \/><\/a>Ze stanowisk komputerowych z dost\u0119pem do Internetu na terenie Biblioteki mo\u017ce korzysta\u0107 ka\u017cdy czytelnik, posiadaj\u0105cy wa\u017cn\u0105 Kart\u0119 Czytelnika Miejskiej Biblioteki Publicznej w Ko\u0142obrzegu.<\/p>\n<p>&nbsp;<\/p>\n<p>&nbsp;<\/p>\n","protected":false},"excerpt":{"rendered":"<p>Ze stanowisk komputerowych z dost\u0119pem do Internetu na terenie Biblioteki mo\u017ce korzysta\u0107 ka\u017cdy czytelnik, posiadaj\u0105cy wa\u017cn\u0105 Kart\u0119 Czytelnika Miejskiej Biblioteki Publicznej w Ko\u0142obrzegu. &nbsp; &nbsp;<\/p>\n","protected":false},"author":1,"featured_media":0,"parent":0,"menu_order":0,"comment_status":"closed","ping_status":"closed","template":"","meta":{"jetpack_post_was_ever_published":false,"footnotes":""},"class_list":["post-600","page","type-page","status-publish","hentry","nodate"],"jetpack_likes_enabled":true,"jetpack_sharing_enabled":true,"_links":{"self":[{"href":"https:\/\/biblioteka.kolobrzeg.pl\/index.php\/wp-json\/wp\/v2\/pages\/600","targetHints":{"allow":["GET"]}}],"collection":[{"href":"https:\/\/biblioteka.kolobrzeg.pl\/index.php\/wp-json\/wp\/v2\/pages"}],"about":[{"href":"https:\/\/biblioteka.kolobrzeg.pl\/index.php\/wp-json\/wp\/v2\/types\/page"}],"author":[{"embeddable":true,"href":"https:\/\/biblioteka.kolobrzeg.pl\/index.php\/wp-json\/wp\/v2\/users\/1"}],"replies":[{"embeddable":true,"href":"https:\/\/biblioteka.kolobrzeg.pl\/index.php\/wp-json\/wp\/v2\/comments?post=600"}],"version-history":[{"count":0,"href":"https:\/\/biblioteka.kolobrzeg.pl\/index.php\/wp-json\/wp\/v2\/pages\/600\/revisions"}],"wp:attachment":[{"href":"https:\/\/biblioteka.kolobrzeg.pl\/index.php\/wp-json\/wp\/v2\/media?parent=600"}],"curies":[{"name":"wp","href":"https:\/\/api.w.org\/{rel}","templated":true}]}}